{"id":15,"date":"2023-10-08T02:14:34","date_gmt":"2023-10-08T02:14:34","guid":{"rendered":"https:\/\/texme.pe\/web\/?page_id=15"},"modified":"2023-10-10T15:06:11","modified_gmt":"2023-10-10T15:06:11","slug":"informacion-legal","status":"publish","type":"page","link":"https:\/\/texme.pe\/web\/index.php\/informacion-legal\/","title":{"rendered":"Informaci\u00f3n legal"},"content":{"rendered":"\n<h3 class=\"wp-block-heading\">SOBRE EL SITIO<\/h3>\n\n\n\n<p>Actualmente est\u00e1 conectado al sitio web de Texme SAC. Todos los datos e informaci\u00f3n del sitio web\u00a0<a href=\"http:\/\/texme.pe\/web\" data-type=\"link\" data-id=\"texme.pe\/web\">texme.pe\/web<\/a><a href=\"https:\/\/us.lancaster.com\/\"> <\/a>son puestos a disposici\u00f3n del p\u00fablico por Texme.<\/p>\n\n\n\n<p>Texme SAC, empresa ubicada en Jr. America Nro. 282 int 201 en el distrito de la Victoria &#8211; Per\u00fa inscrita con RUC Nro: 20516721864. <\/p>\n\n\n\n<p>Correo electr\u00f3nico:\u00a0<a rel=\"noreferrer noopener\" href=\"mailto:contacto@texme.pe\" data-type=\"mailto\" data-id=\"mailto:contacto@texme.pe\" target=\"_blank\">contacto@texme.pe<\/a><\/p>\n\n\n\n<p>Contacto: Everaida Campos<\/p>\n\n\n\n<p>Celular: 941335020<\/p>\n\n\n\n<h3 class=\"wp-block-heading\">CONDICIONES GENERALES DE USO DEL SITIO Y DE LOS SERVICIOS PRESTADOS<\/h3>\n\n\n\n<p>El uso del sitio&nbsp;<a href=\"http:\/\/texme.pe\/web\" data-type=\"link\" data-id=\"texme.pe\/web\">texme.pe\/web<\/a>&nbsp;implica la aceptaci\u00f3n plena y completa de las condiciones generales de uso que se describen a continuaci\u00f3n.<\/p>\n\n\n\n<p>Normalmente, los usuarios pueden acceder a este sitio en todo momento. Sin embargo, Texme puede decidir interrumpir el sitio por motivos de mantenimiento t\u00e9cnico y se esforzar\u00e1 por informar a los usuarios con antelaci\u00f3n de las fechas y horas de la intervenci\u00f3n.<\/p>\n\n\n\n<p>El sitio web&nbsp;<a href=\"http:\/\/texme.pe\/web\" data-type=\"link\" data-id=\"texme.pe\/web\">texme.pe\/web<\/a> es actualizado regularmente por texme. Del mismo modo, los avisos legales pueden ser modificados en cualquier momento: no obstante, se imponen al usuario al que se invita a consultarlos con la mayor frecuencia posible para tomar conocimiento de ellos.<\/p>\n","protected":false},"excerpt":{"rendered":"<p>SOBRE EL SITIO Actualmente est\u00e1 conectado al sitio web de Texme SAC. Todos los datos e informaci\u00f3n del sitio web\u00a0texme.pe\/web son puestos a disposici\u00f3n del p\u00fablico por Texme. Texme SAC, empresa ubicada en Jr. America Nro. 282 int 201 en el distrito de la Victoria &#8211; Per\u00fa inscrita con RUC Nro: 20516721864. Correo electr\u00f3nico:\u00a0contacto@texme.pe Contacto: [&hellip;]<\/p>\n","protected":false},"author":1,"featured_media":0,"parent":0,"menu_order":0,"comment_status":"closed","ping_status":"closed","template":"","meta":{"footnotes":""},"class_list":["post-15","page","type-page","status-publish","hentry"],"_links":{"self":[{"href":"https:\/\/texme.pe\/web\/index.php\/wp-json\/wp\/v2\/pages\/15","targetHints":{"allow":["GET"]}}],"collection":[{"href":"https:\/\/texme.pe\/web\/index.php\/wp-json\/wp\/v2\/pages"}],"about":[{"href":"https:\/\/texme.pe\/web\/index.php\/wp-json\/wp\/v2\/types\/page"}],"author":[{"embeddable":true,"href":"https:\/\/texme.pe\/web\/index.php\/wp-json\/wp\/v2\/users\/1"}],"replies":[{"embeddable":true,"href":"https:\/\/texme.pe\/web\/index.php\/wp-json\/wp\/v2\/comments?post=15"}],"version-history":[{"count":7,"href":"https:\/\/texme.pe\/web\/index.php\/wp-json\/wp\/v2\/pages\/15\/revisions"}],"predecessor-version":[{"id":37,"href":"https:\/\/texme.pe\/web\/index.php\/wp-json\/wp\/v2\/pages\/15\/revisions\/37"}],"wp:attachment":[{"href":"https:\/\/texme.pe\/web\/index.php\/wp-json\/wp\/v2\/media?parent=15"}],"curies":[{"name":"wp","href":"https:\/\/api.w.org\/{rel}","templated":true}]}}