{"id":18,"date":"2023-10-08T02:19:23","date_gmt":"2023-10-08T02:19:23","guid":{"rendered":"https:\/\/texme.pe\/web\/?page_id=18"},"modified":"2023-10-08T02:20:29","modified_gmt":"2023-10-08T02:20:29","slug":"politica-de-privacidad","status":"publish","type":"page","link":"https:\/\/texme.pe\/web\/index.php\/politica-de-privacidad\/","title":{"rendered":"Pol\u00edtica de privacidad"},"content":{"rendered":"\n<p>La presente es la Pol\u00edtica de Privacidad de la empresa TEXME S.A.C (en adelante, Texme), la cual se encuentra en armon\u00eda con la normativa vigente sobre protecci\u00f3n de Datos Personales (Ley 29733 y Decreto Supremo 003-2013-JUS). Se se\u00f1alan las finalidades de la informaci\u00f3n que usted nos otorga, qui\u00e9nes son los encargados de tratarla, el tiempo de almacenamiento en nuestras Bases de Datos, las medidas de protecci\u00f3n y los medios para ejercer sus derechos como titular de los Datos Personales.<\/p>\n\n\n\n<p>1. \u00bfQu\u00e9 informaci\u00f3n recopilamos?<\/p>\n\n\n\n<p>Recolectamos informaci\u00f3n personal relativa a nombres, apellidos, documento de identidad, Registro \u00danico de Contribuyente, profesi\u00f3n, cargo, empresa donde usted trabaja, su direcci\u00f3n, ciudad, tel\u00e9fono, correo electr\u00f3nico, fecha de nacimiento, sexo y otra necesaria para cumplir con los fines que se detallan m\u00e1s adelante.<\/p>\n\n\n\n<p>En nuestro sitio web, por medio de formularios virtuales contenidos en secciones como Reg\u00edstrate, Suscr\u00edbete, Cont\u00e1ctenos y Libro de Reclamaciones usted nos proporciona sus datos. Su informaci\u00f3n ser\u00e1 almacenada en el banco de datos denominado Clientes, Libro de Reclamaciones y Usuarios Web.<\/p>\n\n\n\n<p>Para poder remitirle informaci\u00f3n de tipo publicitaria, usted nos otorga su autorizaci\u00f3n expresa por medio de los check box implementados en nuestros consentimientos; sin su autorizaci\u00f3n, Texme se abstendr\u00e1 de enviarle este tipo de comunicaciones.<\/p>\n\n\n\n<p>Nuestro banco de datos se encuentra debidamente inscritos ante la Direcci\u00f3n General de Protecci\u00f3n de Datos Personales, seg\u00fan lo exige la normativa vigente actualmente.<\/p>\n\n\n\n<p>Su informaci\u00f3n personal ser\u00e1 almacenada por un plazo indeterminado o hasta que usted solicite su cancelaci\u00f3n.<\/p>\n\n\n\n<p>2. \u00bfC\u00f3mo protegemos su informaci\u00f3n?<\/p>\n\n\n\n<p>Texme cuenta con todas las medidas t\u00e9cnicas, legales y organizacionales necesarias para garantizar la seguridad y confidencialidad de sus datos personales; as\u00ed como para evitar cualquier manipulaci\u00f3n indebida, p\u00e9rdida accidental, destrucci\u00f3n o acceso no autorizado de terceros.<\/p>\n\n\n\n<p>Su informaci\u00f3n no ser\u00e1 vendida, transferida ni compartida sin su autorizaci\u00f3n y para fines ajenos a los que se describen a continuaci\u00f3n.<\/p>\n\n\n\n<p>3. \u00bfQu\u00e9 herramientas de navegaci\u00f3n se utiliza en la p\u00e1gina web de Texme?<\/p>\n\n\n\n<p>Texme usa herramientas de recopilaci\u00f3n de informaci\u00f3n como las cookies y los webs beacons para recolectar su informaci\u00f3n mientras navega nuestra p\u00e1gina web. En esta secci\u00f3n, describimos los tipos de informaci\u00f3n que Texme puede colectar y c\u00f3mo Texme puede usar esta informaci\u00f3n.<\/p>\n\n\n\n<p>*&nbsp; Direcci\u00f3n IP: una direcci\u00f3n de Protocolo de Internet (IP por sus siglas en ingl\u00e9s) es un n\u00famero que se genera autom\u00e1ticamente de su computador cuando navega en la web. Su direcci\u00f3n IP es usada para recopilar informaci\u00f3n demogr\u00e1fica. Texme recopila la direcci\u00f3n IP para administrar y proveer informaci\u00f3n agregada a los anunciantes sobre el volumen de uso de la p\u00e1gina web de Texme. Esta informaci\u00f3n normalmente no identifica o vincula a la persona, por lo que usted puede iniciar su sesi\u00f3n en nuestra p\u00e1gina, pero al mismo tiempo permanecer de forma an\u00f3nima. Usaremos la direcci\u00f3n IP para identificar un usuario cuando lo consideremos necesario para hacer cumplir nuestros t\u00e9rminos y condiciones o para proteger nuestros servicios, nuestra p\u00e1gina, nuestros visitantes u otros.<\/p>\n\n\n\n<p>*&nbsp; Cookies: podremos ubicar un archivo de texto llamado \u201ccookie\u201d en los archivos del navegador de su computadora. Una cookie es un peque\u00f1o archivo de datos que transfiere su disco duro para el mantenimiento de registros cuando los visita. Usamos las cookies para distintas finalidades, que incluyen entender y guardar las preferencias del usuario para futuras visitas, llevar un control de los anuncios, actualizar nuestro sitio basado en informaci\u00f3n como el n\u00famero de visitantes y las p\u00e1ginas vistas. Hasta que usted decida identificarse en la p\u00e1gina web de Texme, bien sea respondiendo una oferta promocional u otorgando su informaci\u00f3n como el registro de su email, usted permanecer\u00e1 como an\u00f3nimo en nuestra p\u00e1gina. Usted puede escoger que su computador le avise cada vez que se le env\u00eda una cookie, o usted puede optar por apagar todas las cookies. Usted puede hacerlo a trav\u00e9s de las herramientas de su navegador como por ejemplo internet Explorer). Cada navegador es distinto, por lo cual le recomendamos buscar en la secci\u00f3n de Ayuda de su men\u00fa para aprender acerca de la manera correcta de modificar sus cookies. Usted no requiere tener las cookies activadas para usar nuestra p\u00e1gina web.<\/p>\n\n\n\n<p>4. \u00bfCon qu\u00e9 finalidad utilizamos su informaci\u00f3n?<\/p>\n\n\n\n<p>Los datos personales que usted nos proporciona son utilizados para: (i) Remitir a su correo electr\u00f3nico informaci\u00f3n que usted nos ha solicitado sobre los servicios ofrecidos por la compa\u00f1\u00eda; (ii) En caso lo autorice, comunicarle sobre promociones, beneficios, concursos, novedades y, en general, publicidad de Texme; (iii) Dar respuesta y tr\u00e1mite a consultas, solicitudes y quejas; (iv) Actualizar su informaci\u00f3n (v) Gestionar las compras que realice y los env\u00edos de los productos de TEXME.<\/p>\n\n\n\n<p>5. \u00bfQui\u00e9n tiene acceso a su informaci\u00f3n?<\/p>\n\n\n\n<p>Usted nos autoriza a que podamos compartir y encargar el tratamiento de su informaci\u00f3n personal a terceros que nos prestan servicios para mejorar nuestras actividades. En estos casos, Texme garantizar\u00e1 que el tratamiento de sus datos se limite a las finalidades antes autorizadas, que se mantengan confidenciales y se implementen las medidas de seguridad adecuadas.<\/p>\n\n\n\n<p>Los terceros que realizar\u00e1n tratamiento de sus datos personales son los siguientes:<\/p>\n\n\n\n<p>*&nbsp;Texme S.A.C., ubicado en Jr. America Nro. 282 int 201 La victoria, Lima, Per\u00fa, que presta la venta de productos.<\/p>\n\n\n\n<p>6. \u00bfC\u00f3mo puede ejercer sus derechos como titular de Datos Personales?<\/p>\n\n\n\n<p>Texme reconoce y garantiza el ejercicio de los derechos de acceso, rectificaci\u00f3n, cancelaci\u00f3n, oposici\u00f3n, informaci\u00f3n o revocaci\u00f3n que por ley le asisten. Para ello, podr\u00e1 dirigir una comunicaci\u00f3n al correo electr\u00f3nico contacto@texme.pe con el asunto:&nbsp;\u201cDerechos Datos Personales\u201d.<\/p>\n\n\n\n<p>7. Actualizaciones de la presente pol\u00edtica de privacidad<\/p>\n\n\n\n<p>Con motivo de la mejora continua de nuestros procesos, Texme podr\u00e1 realizar modificaciones y correcciones a esta Pol\u00edtica de Privacidad. Por favor, verifique estos t\u00e9rminos regularmente para consultar los cambios que puedan haber existido y de qu\u00e9 manera le pueden afectar.<\/p>\n","protected":false},"excerpt":{"rendered":"<p>La presente es la Pol\u00edtica de Privacidad de la empresa TEXME S.A.C (en adelante, Texme), la cual se encuentra en armon\u00eda con la normativa vigente sobre protecci\u00f3n de Datos Personales (Ley 29733 y Decreto Supremo 003-2013-JUS). Se se\u00f1alan las finalidades de la informaci\u00f3n que usted nos otorga, qui\u00e9nes son los encargados de tratarla, el tiempo [&hellip;]<\/p>\n","protected":false},"author":1,"featured_media":0,"parent":0,"menu_order":0,"comment_status":"closed","ping_status":"closed","template":"","meta":{"footnotes":""},"class_list":["post-18","page","type-page","status-publish","hentry"],"_links":{"self":[{"href":"https:\/\/texme.pe\/web\/index.php\/wp-json\/wp\/v2\/pages\/18","targetHints":{"allow":["GET"]}}],"collection":[{"href":"https:\/\/texme.pe\/web\/index.php\/wp-json\/wp\/v2\/pages"}],"about":[{"href":"https:\/\/texme.pe\/web\/index.php\/wp-json\/wp\/v2\/types\/page"}],"author":[{"embeddable":true,"href":"https:\/\/texme.pe\/web\/index.php\/wp-json\/wp\/v2\/users\/1"}],"replies":[{"embeddable":true,"href":"https:\/\/texme.pe\/web\/index.php\/wp-json\/wp\/v2\/comments?post=18"}],"version-history":[{"count":2,"href":"https:\/\/texme.pe\/web\/index.php\/wp-json\/wp\/v2\/pages\/18\/revisions"}],"predecessor-version":[{"id":21,"href":"https:\/\/texme.pe\/web\/index.php\/wp-json\/wp\/v2\/pages\/18\/revisions\/21"}],"wp:attachment":[{"href":"https:\/\/texme.pe\/web\/index.php\/wp-json\/wp\/v2\/media?parent=18"}],"curies":[{"name":"wp","href":"https:\/\/api.w.org\/{rel}","templated":true}]}}